{"id":42,"date":"2016-05-14T06:43:04","date_gmt":"2016-05-14T06:43:04","guid":{"rendered":"http:\/\/forum-flugplatz.ch\/?page_id=42"},"modified":"2020-06-14T13:15:33","modified_gmt":"2020-06-14T11:15:33","slug":"vorstand","status":"publish","type":"page","link":"https:\/\/forum-flugplatz.ch\/?page_id=42","title":{"rendered":"Vorstand"},"content":{"rendered":"\n<table id=\"tablepress-1\" class=\"tablepress tablepress-id-1\">\n<tbody>\n<tr class=\"row-1\">\n\t<td class=\"column-1\"><a href=\"https:\/\/forum-flugplatz.ch\/wp-content\/uploads\/2022\/07\/PB.jpg\"><img src=\"https:\/\/forum-flugplatz.ch\/wp-content\/uploads\/2022\/07\/PB-273x300.jpg\" alt=\"\" width=\"273\" height=\"300\" class=\"alignleft size-medium wp-image-1531\" \/><\/a><\/td><td class=\"column-2\">Peter Bosshard<br \/>\nPr\u00e4sident<br \/>\n<br \/>\n<a href=\"mailto:praesident@forum-flugplatz.ch\" target=\"_blank\" rel=\"noopener\">praesident@forum-flugplatz.ch<\/a><\/td>\n<\/tr>\n<tr class=\"row-2\">\n\t<td class=\"column-1\"><a href=\"https:\/\/forum-flugplatz.ch\/wp-content\/uploads\/2022\/07\/HB.jpg\"><img src=\"https:\/\/forum-flugplatz.ch\/wp-content\/uploads\/2022\/07\/HB-225x300.jpg\" alt=\"\" width=\"225\" height=\"300\" class=\"alignleft size-medium wp-image-1533\" \/><\/a><\/td><td class=\"column-2\">Hanny Bosshard<br \/>\nAktuarin<br \/>\n<br \/>\n<a href=\"mailto:info@forum-flugplatz.ch\" target=\"_blank\" rel=\"noopener\">praesident@forum-flugplatz.ch<\/a><\/td>\n<\/tr>\n<tr class=\"row-3\">\n\t<td class=\"column-1\"><a href=\"https:\/\/forum-flugplatz.ch\/wp-content\/uploads\/2022\/07\/MS-1.png\"><img src=\"https:\/\/forum-flugplatz.ch\/wp-content\/uploads\/2022\/07\/MS-1-233x300.png\" alt=\"\" width=\"233\" height=\"300\" class=\"alignleft size-medium wp-image-1539\" \/><\/a><\/td><td class=\"column-2\">Markus Schwyter<br \/>\nKassier<br \/>\n<br \/>\n<a href=\"mailto:info@forum-flugplatz.ch\" target=\"_blank\" rel=\"noopener\">info@forum-flugplatz.ch<\/a><\/td>\n<\/tr>\n<tr class=\"row-4\">\n\t<td class=\"column-1\"><a href=\"https:\/\/forum-flugplatz.ch\/wp-content\/uploads\/2022\/07\/AS.jpg\"><img src=\"https:\/\/forum-flugplatz.ch\/wp-content\/uploads\/2022\/07\/AS-300x258.jpg\" alt=\"\" width=\"300\" height=\"258\" class=\"alignleft size-medium wp-image-1535\" \/><\/a><\/td><td class=\"column-2\">Alexander Steinacher<br \/>\n<br \/>\n<a href=\"mailto:info@forum-flugplatz.ch\" target=\"_blank\" rel=\"noopener\">info@forum-flugplatz.ch<\/a><\/td>\n<\/tr>\n<tr class=\"row-5\">\n\t<td class=\"column-1\"><a href=\"https:\/\/forum-flugplatz.ch\/wp-content\/uploads\/2022\/07\/MW.jpg\"><img src=\"https:\/\/forum-flugplatz.ch\/wp-content\/uploads\/2022\/07\/MW-295x300.jpg\" alt=\"\" width=\"295\" height=\"300\" class=\"alignleft size-medium wp-image-1536\" \/><\/a><\/td><td class=\"column-2\">Michael Waldvogel<br \/>\n<br \/>\n<a href=\"mailto:info@forum-flugplatz.ch\" target=\"_blank\" rel=\"noopener\">info@forum-flugplatz.ch<\/a><\/td>\n<\/tr>\n<\/tbody>\n<\/table>\n<!-- #tablepress-1 from cache -->\n<p>Das Forum Flugplatz D\u00fcbendorf ist ein im Jahr 1990 gegr\u00fcndeter unabh\u00e4ngiger Verein, dessen Mitglieder sich zu einer glaubw\u00fcrdigen Landesverteidigung und leistungsstarken Luftwaffe bekennen. Das Forum geh\u00f6rt inzwischen zu den gr\u00f6ssten in D\u00fcbendorf ans\u00e4ssigen Vereinen und ist die schweizweit erste Institution, die sich gesellschaftlich und politisch mit der Zukunft des Milit\u00e4rflugplatzes D\u00fcbendorf befasst. Der grosse Zuspruch von weiten Bev\u00f6lkerungskreisen sind das Resultat unserer, w\u00e4hrend rund 30 Jahren, gewachsene Verbundenheit mit der Bev\u00f6lkerung. Wir kennen die Bed\u00fcrfnisse, Sorgen und Anliegen der Menschen in den Anrainergemeinden um den Flugplatz D\u00fcbendorf, die mit dem Status Quo keinerlei Probleme haben. Alle Vorstandsmitglieder wohnen in diesen Gemeinden und wir sind erstaunt dar\u00fcber, wie sich pl\u00f6tzlich neugegr\u00fcndete Vereine und Institutionen aus wirtschaftlichen Motiven lauthals zu Wort melden. Sei es, einen grossen Teil des Flugplatzes mit einem sog. \u00abInnovationspark\u00bb zubetonieren oder die aviatische Nutzung \u00fcber die bestehenden Betriebszeiten \u2013 auch \u00fcber das Wochenende &#8211; ausbauen zu wollen. Als sei die Region um das Br\u00fcttiseller Kreuz nicht schon genug belastet!<\/p>\n<p><span style=\"color: #ff0000;\"><a style=\"color: #ff0000;\" href=\"http:\/\/forum-flugplatz.ch\/wp-content\/uploads\/2016\/05\/Ohne-Forum.pdf\">Ohne Forum g\u00e4be es den Flugplatz l\u00e4ngst nicht mehr<\/a><\/span><\/p>\n\n\n<p><\/p>\n","protected":false},"excerpt":{"rendered":"<p>Das Forum Flugplatz D\u00fcbendorf ist ein im Jahr 1990 gegr\u00fcndeter unabh\u00e4ngiger Verein, dessen Mitglieder sich zu einer glaubw\u00fcrdigen Landesverteidigung und leistungsstarken Luftwaffe bekennen. Das Forum geh\u00f6rt inzwischen zu den gr\u00f6ssten [&hellip;]<\/p>\n","protected":false},"author":1,"featured_media":0,"parent":93,"menu_order":0,"comment_status":"closed","ping_status":"closed","template":"","meta":[],"_links":{"self":[{"href":"https:\/\/forum-flugplatz.ch\/index.php?rest_route=\/wp\/v2\/pages\/42"}],"collection":[{"href":"https:\/\/forum-flugplatz.ch\/index.php?rest_route=\/wp\/v2\/pages"}],"about":[{"href":"https:\/\/forum-flugplatz.ch\/index.php?rest_route=\/wp\/v2\/types\/page"}],"author":[{"embeddable":true,"href":"https:\/\/forum-flugplatz.ch\/index.php?rest_route=\/wp\/v2\/users\/1"}],"replies":[{"embeddable":true,"href":"https:\/\/forum-flugplatz.ch\/index.php?rest_route=%2Fwp%2Fv2%2Fcomments&post=42"}],"version-history":[{"count":8,"href":"https:\/\/forum-flugplatz.ch\/index.php?rest_route=\/wp\/v2\/pages\/42\/revisions"}],"predecessor-version":[{"id":1023,"href":"https:\/\/forum-flugplatz.ch\/index.php?rest_route=\/wp\/v2\/pages\/42\/revisions\/1023"}],"up":[{"embeddable":true,"href":"https:\/\/forum-flugplatz.ch\/index.php?rest_route=\/wp\/v2\/pages\/93"}],"wp:attachment":[{"href":"https:\/\/forum-flugplatz.ch\/index.php?rest_route=%2Fwp%2Fv2%2Fmedia&parent=42"}],"curies":[{"name":"wp","href":"https:\/\/api.w.org\/{rel}","templated":true}]}}